{"id":11919,"date":"2025-02-28T13:14:48","date_gmt":"2025-02-28T12:14:48","guid":{"rendered":"https:\/\/www.bundyzeleny.cz\/?post_type=product&#038;p=11919"},"modified":"2025-02-28T13:14:49","modified_gmt":"2025-02-28T12:14:49","slug":"plechacek","status":"publish","type":"product","link":"https:\/\/www.bundyzeleny.cz\/index.php\/produkt\/plechacek\/","title":{"rendered":"Plech\u00e1\u010dek"},"content":{"rendered":"<p>Smaltovan\u00fd plech\u00e1\u010dek, kter\u00fd se skv\u011ble hod\u00ed na cesty, je nerozbitn\u00fd a ka\u017ed\u00fd n\u00e1poj z n\u011bj m\u00e1 nostalgickou p\u0159\u00edchu\u0165.<\/p>\n<p>Obsah hrnku 300 ml<\/p>\n<p>Barva b\u00edl\u00e1<\/p>\n","protected":false},"excerpt":{"rendered":"<p>Smaltovan\u00fd plech\u00e1\u010dek, kter\u00fd se skv\u011ble hod\u00ed na cesty, je nerozbitn\u00fd a ka\u017ed\u00fd n\u00e1poj z n\u011bj m\u00e1 nostalgickou p\u0159\u00edchu\u0165. Obsah hrnku 300 ml Barva b\u00edl\u00e1<\/p>\n","protected":false},"author":1,"featured_media":11920,"template":"","meta":[],"product_cat":[58],"product_tag":[],"class_list":{"0":"post-11919","1":"product","2":"type-product","3":"status-publish","4":"has-post-thumbnail","6":"product_cat-reklamni-predmety","8":"first","9":"instock","10":"shipping-taxable","11":"purchasable","12":"product-type-simple"},"_links":{"self":[{"href":"https:\/\/www.bundyzeleny.cz\/index.php\/wp-json\/wp\/v2\/product\/11919"}],"collection":[{"href":"https:\/\/www.bundyzeleny.cz\/index.php\/wp-json\/wp\/v2\/product"}],"about":[{"href":"https:\/\/www.bundyzeleny.cz\/index.php\/wp-json\/wp\/v2\/types\/product"}],"author":[{"embeddable":true,"href":"https:\/\/www.bundyzeleny.cz\/index.php\/wp-json\/wp\/v2\/users\/1"}],"wp:featuredmedia":[{"embeddable":true,"href":"https:\/\/www.bundyzeleny.cz\/index.php\/wp-json\/wp\/v2\/media\/11920"}],"wp:attachment":[{"href":"https:\/\/www.bundyzeleny.cz\/index.php\/wp-json\/wp\/v2\/media?parent=11919"}],"wp:term":[{"taxonomy":"product_cat","embeddable":true,"href":"https:\/\/www.bundyzeleny.cz\/index.php\/wp-json\/wp\/v2\/product_cat?post=11919"},{"taxonomy":"product_tag","embeddable":true,"href":"https:\/\/www.bundyzeleny.cz\/index.php\/wp-json\/wp\/v2\/product_tag?post=11919"}],"curies":[{"name":"wp","href":"https:\/\/api.w.org\/{rel}","templated":true}]}}