{"id":11924,"date":"2025-02-28T13:40:16","date_gmt":"2025-02-28T12:40:16","guid":{"rendered":"https:\/\/www.bundyzeleny.cz\/?post_type=product&#038;p=11924"},"modified":"2025-02-28T15:15:34","modified_gmt":"2025-02-28T14:15:34","slug":"tricko-bundy-zeleny","status":"publish","type":"product","link":"https:\/\/www.bundyzeleny.cz\/index.php\/produkt\/tricko-bundy-zeleny\/","title":{"rendered":"Tri\u010dko Bundy zelen\u00fd"},"content":{"rendered":"<p>Kvalitn\u00ed a pohodln\u00e9 tri\u010dko s origin\u00e1ln\u00edm potiskem &#8220;Bundy zelen\u00fd&#8221;. Tri\u010dko m\u00e1 kulat\u00fd v\u00fdst\u0159ih, zpevn\u011bn\u00e9 \u0161vy za krkem a ramena jsou \u0161ita dvojit\u00fdm stehem.<\/p>\n<p>Barva tmav\u011b zelen\u00e1<\/p>\n<p>Velikosti na v\u00fdb\u011br M, L, XL, XXL<\/p>\n","protected":false},"excerpt":{"rendered":"<p>Kvalitn\u00ed a pohodln\u00e9 tri\u010dko s origin\u00e1ln\u00edm potiskem &#8220;Bundy zelen\u00fd&#8221;. Tri\u010dko m\u00e1 kulat\u00fd v\u00fdst\u0159ih, zpevn\u011bn\u00e9 \u0161vy za krkem a ramena jsou \u0161ita dvojit\u00fdm stehem. Barva tmav\u011b zelen\u00e1 Velikosti na v\u00fdb\u011br M, L, XL, XXL<\/p>\n","protected":false},"author":1,"featured_media":11926,"template":"","meta":[],"product_cat":[58],"product_tag":[],"class_list":{"0":"post-11924","1":"product","2":"type-product","3":"status-publish","4":"has-post-thumbnail","6":"product_cat-reklamni-predmety","8":"first","9":"instock","10":"shipping-taxable","11":"purchasable","12":"product-type-variable"},"_links":{"self":[{"href":"https:\/\/www.bundyzeleny.cz\/index.php\/wp-json\/wp\/v2\/product\/11924"}],"collection":[{"href":"https:\/\/www.bundyzeleny.cz\/index.php\/wp-json\/wp\/v2\/product"}],"about":[{"href":"https:\/\/www.bundyzeleny.cz\/index.php\/wp-json\/wp\/v2\/types\/product"}],"author":[{"embeddable":true,"href":"https:\/\/www.bundyzeleny.cz\/index.php\/wp-json\/wp\/v2\/users\/1"}],"wp:featuredmedia":[{"embeddable":true,"href":"https:\/\/www.bundyzeleny.cz\/index.php\/wp-json\/wp\/v2\/media\/11926"}],"wp:attachment":[{"href":"https:\/\/www.bundyzeleny.cz\/index.php\/wp-json\/wp\/v2\/media?parent=11924"}],"wp:term":[{"taxonomy":"product_cat","embeddable":true,"href":"https:\/\/www.bundyzeleny.cz\/index.php\/wp-json\/wp\/v2\/product_cat?post=11924"},{"taxonomy":"product_tag","embeddable":true,"href":"https:\/\/www.bundyzeleny.cz\/index.php\/wp-json\/wp\/v2\/product_tag?post=11924"}],"curies":[{"name":"wp","href":"https:\/\/api.w.org\/{rel}","templated":true}]}}